{"id":46,"date":"2017-07-10T18:36:42","date_gmt":"2017-07-10T16:36:42","guid":{"rendered":"http:\/\/www.brennessel-kiel.de\/wordpress\/?page_id=46"},"modified":"2019-02-07T16:00:27","modified_gmt":"2019-02-07T15:00:27","slug":"kaese","status":"publish","type":"page","link":"http:\/\/www.brennessel-kiel.de\/wordpress\/kaese\/","title":{"rendered":"K\u00e4se"},"content":{"rendered":"<h2>Alles K\u00e4se (:<\/h2>\n<p><img loading=\"lazy\" decoding=\"async\" class=\"alignnone wp-image-446\" src=\"http:\/\/www.brennessel-kiel.de\/wordpress\/wp-content\/uploads\/2017\/07\/DSCN1978-300x225.jpg\" alt=\"\" width=\"390\" height=\"293\" srcset=\"http:\/\/www.brennessel-kiel.de\/wordpress\/wp-content\/uploads\/2017\/07\/DSCN1978-300x225.jpg 300w, http:\/\/www.brennessel-kiel.de\/wordpress\/wp-content\/uploads\/2017\/07\/DSCN1978-768x576.jpg 768w, http:\/\/www.brennessel-kiel.de\/wordpress\/wp-content\/uploads\/2017\/07\/DSCN1978.jpg 1000w\" sizes=\"(max-width: 390px) 100vw, 390px\" \/><\/p>\n<p><strong>Unser K\u00e4seangebot<\/strong> ist umfangreich, wir haben von Weichk\u00e4se bis Hartk\u00e4se vieles zu bieten. Auch hier bem\u00fchen wir uns, m\u00f6glichst viele regionale K\u00e4sespezialit\u00e4ten, <em>wie zum Beispiel den k\u00f6stlichen Schafsk\u00e4se vom <a href=\"http:\/\/www.schafk\u00e4serei.de\/\" target=\"_blank\" rel=\"noopener\">Biolandhof Solterbeck<\/a> aus Owschlag und die super leckeren K\u00e4sesorten von <a href=\"https:\/\/www.hof-berg.com\/\" target=\"_blank\" rel=\"noopener\">Hof Berg<\/a> aus Dannau<\/em>, anzubieten.<\/p>\n<p>Wir sind immer wieder auf der Suche nach neuen regionalen Anbietern und schauen uns gerne um. Falls ihr einen guten regionalen Anbieter kennt, freuen wir uns \u00fcber eure Empfehlung.<\/p>\n<p>Zus\u00e4tzlich beziehen wir auch \u00fcber unsere beiden Gro\u00dfh\u00e4ndler noch viele deutsche und internationale K\u00e4se. Durch unsere Verkaufserfahrung hat sich ein gewisses Grundsortiment im K\u00e4setresen breit gemacht; die \u00fcbrigen Sorten werden immer mal wieder abwechselnd bestellt. Zudem haben wir jeden Monat einige Sorten im Angebot (siehe Angebotsflyer-rechte Spalte). Falls ihr einen K\u00e4se schon l\u00e4nger nicht mehr im Tresen vorgefunden habt, sprecht uns einfach an!<\/p>\n<p>Auf den verschiedenen Bio-Messen, die es \u00fcber das Jahr verteilt so gibt, nutzen wir auch immer gerne die Gelegenheit, uns mal durchzuprobieren und Neues f\u00fcr euch zu entdecken \ud83d\ude42<\/p>\n<p>Schaut einfach mal bei uns rein und probiert euch auch mal durch &#8211; Wir finden immer etwas, was euch schmeckt!<\/p>\n","protected":false},"excerpt":{"rendered":"<div class=\"slide-text-bg2\"><span>Alles K\u00e4se (: Unser K\u00e4seangebot ist umfangreich, wir haben von Weichk\u00e4se bis Hartk\u00e4se vieles zu bieten. Auch hier bem\u00fchen wir uns, m\u00f6glichst viele re<\/span><\/div>\n<div class=\"slide-btn-area-sm\"><a href=\"http:\/\/www.brennessel-kiel.de\/wordpress\/kaese\/\" class=\"slide-btn-sm\">weiterlesen<\/a><\/div>\n","protected":false},"author":1,"featured_media":0,"parent":0,"menu_order":0,"comment_status":"closed","ping_status":"closed","template":"","meta":{"footnotes":""},"_links":{"self":[{"href":"http:\/\/www.brennessel-kiel.de\/wordpress\/wp-json\/wp\/v2\/pages\/46"}],"collection":[{"href":"http:\/\/www.brennessel-kiel.de\/wordpress\/wp-json\/wp\/v2\/pages"}],"about":[{"href":"http:\/\/www.brennessel-kiel.de\/wordpress\/wp-json\/wp\/v2\/types\/page"}],"author":[{"embeddable":true,"href":"http:\/\/www.brennessel-kiel.de\/wordpress\/wp-json\/wp\/v2\/users\/1"}],"replies":[{"embeddable":true,"href":"http:\/\/www.brennessel-kiel.de\/wordpress\/wp-json\/wp\/v2\/comments?post=46"}],"version-history":[{"count":12,"href":"http:\/\/www.brennessel-kiel.de\/wordpress\/wp-json\/wp\/v2\/pages\/46\/revisions"}],"predecessor-version":[{"id":836,"href":"http:\/\/www.brennessel-kiel.de\/wordpress\/wp-json\/wp\/v2\/pages\/46\/revisions\/836"}],"wp:attachment":[{"href":"http:\/\/www.brennessel-kiel.de\/wordpress\/wp-json\/wp\/v2\/media?parent=46"}],"curies":[{"name":"wp","href":"https:\/\/api.w.org\/{rel}","templated":true}]}}