{"id":26,"date":"2017-07-10T18:32:06","date_gmt":"2017-07-10T16:32:06","guid":{"rendered":"http:\/\/www.brennessel-kiel.de\/wordpress\/?page_id=26"},"modified":"2025-08-07T15:32:15","modified_gmt":"2025-08-07T13:32:15","slug":"regionales","status":"publish","type":"page","link":"http:\/\/www.brennessel-kiel.de\/wordpress\/regionales\/","title":{"rendered":"Regionales"},"content":{"rendered":"<h2><strong><span style=\"color: #666699;\">Unsere Produzenten aus der Region<\/span><\/strong><\/h2>\n<p>Leckere <strong>Bioqualit\u00e4t<\/strong>! &#8230;. und dann auch noch<strong> aus der Nachbarschaft<\/strong>! Das muss unterst\u00fctzt werden!!<\/p>\n<h4><\/h4>\n<h4 class=\"paragraph_style_5\"><em>Bauern<br \/>\n<\/em><\/h4>\n<ul>\n<li class=\"paragraph_style_3\"><span class=\"style_2\">Gem\u00fcse und Physalis<\/span> vom Bioland-Gem\u00fcsehof B\u00f6hnreben<\/li>\n<li>Gem\u00fcse vom Demeter-<strong><a href=\"http:\/\/wittschap.de\/\" target=\"_blank\" rel=\"noopener\">Hof Wittschap<\/a><\/strong><\/li>\n<li>Kartoffeln vom <a href=\"https:\/\/hof-holling.de\/\"><span style=\"color: #0000ff;\"><strong>Hof Hollin<\/strong><\/span><\/a><\/li>\n<li>Bioland-Eier und Gem\u00fcse von Dieter und Familie vom Hof Hasenkrug<\/li>\n<li>Erdbeeren, Heidelbeeren, <span data-huuid=\"11332790511084800501\">Rhabarber<\/span>, K\u00fcrbisse, Fruchtaufstrich und Erdbeerbalsamico vom <a href=\"https:\/\/gut-birkenmoor.de\/\"><span style=\"color: #0000ff;\"><strong>Gut Birkenmoor<\/strong><\/span><\/a><\/li>\n<\/ul>\n<h4 class=\"paragraph_style_5\"><em>Backwaren\u00a0<\/em><\/h4>\n<ul>\n<li class=\"paragraph_style_5\">Bioland-Vollkornb\u00e4ckerei <strong><a href=\"https:\/\/www.kornkraft-schinkel.de\/\" target=\"_blank\" rel=\"noopener\">Kornkraft<\/a>\u00a0<\/strong><\/li>\n<li class=\"paragraph_style_5\">Bioland-B\u00e4ckerei <strong><a href=\"http:\/\/www.reesdorfer-hof.de\/\" target=\"_blank\" rel=\"noopener\">Reesdorfer Hof<\/a><\/strong><\/li>\n<li class=\"paragraph_style_3\">Bioland-B\u00e4ckerei <strong><a href=\"http:\/\/www.joldelunder.de\/\" target=\"_blank\" rel=\"noopener\">Joldelund<\/a><\/strong><\/li>\n<\/ul>\n<h4 class=\"paragraph_style_5\"><em>Molkereiprodukte<\/em><\/h4>\n<ul>\n<li class=\"paragraph_style_5\">Eier vom Bioland-Hof Hasenkrug + vom Demeter-<strong><a href=\"http:\/\/wittschap.de\/\" target=\"_blank\" rel=\"noopener\">Hof Wittschap<\/a><\/strong><\/li>\n<li class=\"paragraph_style_5\">Milch vom Bioland-<strong><a href=\"http:\/\/www.biohof-rzehak.de\/\" target=\"_blank\" rel=\"noopener\">Hof Rzehak<\/a><\/strong><\/li>\n<li class=\"paragraph_style_5\">K\u00e4se vom Bioland-<strong><a href=\"http:\/\/www.xn--schafkserei-q8a.de\/\" target=\"_blank\" rel=\"noopener\">Milchschafhof Solterbeck<\/a><\/strong>\u00a0 -&gt; siehe auch <a href=\"http:\/\/www.brennessel-kiel.de\/wordpress\/aktuelles\/\" target=\"_blank\" rel=\"noopener\">Aktuelles<\/a><strong> \u00a0\u00a0\u00a0\u00a0\u00a0 <\/strong><\/li>\n<li class=\"paragraph_style_5\">Joghurt, Quark und K\u00e4se vom Bioland-<strong><a href=\"https:\/\/www.hof-berg.com\/\" target=\"_blank\" rel=\"noopener\">Hof Berg<\/a><\/strong><\/li>\n<\/ul>\n<h4 class=\"paragraph_style_3\"><em><span class=\"style_2\">Fleisch<\/span><\/em><\/h4>\n<ul>\n<li class=\"paragraph_style_3\">Spezialit\u00e4ten von den <span style=\"color: #808080;\"><strong><a href=\"http:\/\/www.eidertaler.info\/index.html\" target=\"_blank\" rel=\"noopener\">Eidertaler Auerochsen<\/a><\/strong><\/span> bei Bordesholm<\/li>\n<li>Biolandschlachterei <strong><a href=\"https:\/\/www.bio-fleischer.de\/schroeders\/bio-qualitaet.php\" target=\"_blank\" rel=\"noopener\">Schr\u00f6der<\/a><\/strong><\/li>\n<\/ul>\n<div class=\"paragraph paragraph_style_4\">\n<div class=\"tinyText style_SkipStroke_1 inline-block\">\n<h4><em>Getr\u00e4nke<\/em><\/h4>\n<ul>\n<li>Bier von <strong><a href=\"https:\/\/czernys-kuestenbrauerei.de\/\" target=\"_blank\" rel=\"noopener\">Czernys K\u00fcstenbrauerei<\/a><\/strong><\/li>\n<li>Quellwasser von <a href=\"http:\/\/www.gutzwei.de\/de\/home\/\"><span style=\"color: #0000ff;\"><strong>gut2<\/strong><\/span><\/a>\u00a0aus dem Naturpark Aukrug<\/li>\n<li>Hopfenlimo gegen Rassismus von <a href=\"https:\/\/www.brause-kollektiv.org\/\"><strong><span style=\"color: #0000ff;\">Litfassbrause<\/span><\/strong><\/a><\/li>\n<li><a href=\"https:\/\/www.fairhandeln.org\/\"><strong><span style=\"color: #0000ff;\">Kiel Kaffee Fairtrade<\/span><\/strong><\/a><\/li>\n<\/ul>\n<h4 class=\"paragraph_style_3\"><em><span class=\"style_2\">&#8230; und ab sofort<br \/>\n<\/span><\/em><\/h4>\n<ul>\n<li>Naturkosmetik von\u00a0<a href=\"https:\/\/www.oceanwell.de\/\"><span style=\"color: #0000ff;\"><strong>Oceanwell<\/strong><\/span><\/a><\/li>\n<li>Honig von der<strong><span style=\"color: #808080;\"><a href=\"https:\/\/www.bioimkerhonig.de\/imker\/schroeter\" target=\"_blank\" rel=\"noopener\"> Imkerei Hammerbusch<\/a><\/span><\/strong><\/li>\n<li>Saatgut von <a href=\"https:\/\/www.rankwerk.de\/\"><strong><span style=\"color: #0000ff;\">Rankwerk<\/span><\/strong><\/a><\/li>\n<li><span style=\"color: #0000ff;\"><span style=\"color: #000000;\">Herzhafte und s\u00fc\u00dfe Aufstriche, So\u00dfen, Senf u.v.m. von<\/span><strong>\u00a0Zwergenwiese<\/strong><\/span><\/li>\n<\/ul>\n<p>Wir haben immer ein offenes Ohr f\u00fcr weitere Empfehlungen und r\u00e4umen gerne Regalplatz frei f\u00fcr weitere Produkte aus unserem sch\u00f6nen Norden!<\/p>\n<p>&nbsp;<\/p>\n<h6 style=\"text-align: center;\"><span style=\"color: #999999;\">(F\u00fcr die Inhalte der verlinkten Websites wird keine Haftung \u00fcbernommen.)<\/span><\/h6>\n<\/div>\n<\/div>\n","protected":false},"excerpt":{"rendered":"<div class=\"slide-text-bg2\"><span>Unsere Produzenten aus der Region Leckere Bioqualit\u00e4t! &#8230;. und dann auch noch aus der Nachbarschaft! Das muss unterst\u00fctzt werden!! Bauern Gem\u00fcse un<\/span><\/div>\n<div class=\"slide-btn-area-sm\"><a href=\"http:\/\/www.brennessel-kiel.de\/wordpress\/regionales\/\" class=\"slide-btn-sm\">weiterlesen<\/a><\/div>\n","protected":false},"author":1,"featured_media":0,"parent":0,"menu_order":0,"comment_status":"closed","ping_status":"closed","template":"","meta":{"footnotes":""},"_links":{"self":[{"href":"http:\/\/www.brennessel-kiel.de\/wordpress\/wp-json\/wp\/v2\/pages\/26"}],"collection":[{"href":"http:\/\/www.brennessel-kiel.de\/wordpress\/wp-json\/wp\/v2\/pages"}],"about":[{"href":"http:\/\/www.brennessel-kiel.de\/wordpress\/wp-json\/wp\/v2\/types\/page"}],"author":[{"embeddable":true,"href":"http:\/\/www.brennessel-kiel.de\/wordpress\/wp-json\/wp\/v2\/users\/1"}],"replies":[{"embeddable":true,"href":"http:\/\/www.brennessel-kiel.de\/wordpress\/wp-json\/wp\/v2\/comments?post=26"}],"version-history":[{"count":38,"href":"http:\/\/www.brennessel-kiel.de\/wordpress\/wp-json\/wp\/v2\/pages\/26\/revisions"}],"predecessor-version":[{"id":1896,"href":"http:\/\/www.brennessel-kiel.de\/wordpress\/wp-json\/wp\/v2\/pages\/26\/revisions\/1896"}],"wp:attachment":[{"href":"http:\/\/www.brennessel-kiel.de\/wordpress\/wp-json\/wp\/v2\/media?parent=26"}],"curies":[{"name":"wp","href":"https:\/\/api.w.org\/{rel}","templated":true}]}}