{"id":20,"date":"2017-07-10T16:59:35","date_gmt":"2017-07-10T14:59:35","guid":{"rendered":"http:\/\/www.brennessel-kiel.de\/wordpress\/?page_id=20"},"modified":"2025-05-08T16:28:12","modified_gmt":"2025-05-08T14:28:12","slug":"willkommen","status":"publish","type":"page","link":"http:\/\/www.brennessel-kiel.de\/wordpress\/","title":{"rendered":""},"content":{"rendered":"<h2 style=\"text-align: center;\">\u00a0<span style=\"color: #0e6333;\"><em>M<\/em><strong><em> o i n &amp; Herzlich Willkommen in der Brennessel !<\/em><\/strong><\/span><\/h2>\n<h4><\/h4>\n<h3 style=\"text-align: center;\">Unseren Bioladen Brennessel findet ihr n\u00f6rdlich des Kanals im Dorf Pries<\/h3>\n<h5 style=\"text-align: center;\">-ganz in Strandn\u00e4he!<\/h5>\n<h3 style=\"text-align: center;\">Wir bieten ein frisches, vielseitiges<a href=\"http:\/\/www.brennessel-kiel.de\/wordpress\/produkte\/\" target=\"_blank\" rel=\"noopener\"><span style=\"color: #008000;\"> Naturkostsortiment<\/span><\/a><span style=\"color: #000000;\">.<\/span><\/h3>\n<div id=\"attachment_1886\" style=\"width: 310px\" class=\"wp-caption alignright\"><a href=\"https:\/\/www.bioladen.de\/angebote\"><img loading=\"lazy\" decoding=\"async\" aria-describedby=\"caption-attachment-1886\" class=\"wp-image-1886 size-medium\" src=\"http:\/\/www.brennessel-kiel.de\/wordpress\/wp-content\/uploads\/2025\/05\/Bioladen-300x102.jpg\" alt=\"\" width=\"300\" height=\"102\" srcset=\"http:\/\/www.brennessel-kiel.de\/wordpress\/wp-content\/uploads\/2025\/05\/Bioladen-300x102.jpg 300w, http:\/\/www.brennessel-kiel.de\/wordpress\/wp-content\/uploads\/2025\/05\/Bioladen.jpg 384w\" sizes=\"(max-width: 300px) 100vw, 300px\" \/><\/a><p id=\"caption-attachment-1886\" class=\"wp-caption-text\">Hier geht es zu den aktuellen Monatsangeboten<\/p><\/div>\n<h4 style=\"text-align: center;\"><strong><em>Unsere Herzensgrunds\u00e4tze:<\/em><\/strong><\/h4>\n<ul>\n<li style=\"text-align: center;\">\n<h4>Unsere Ware kommt, wo immer es m\u00f6glich ist, von regionalen Bauern und Erzeugern aus der <span style=\"color: #000000;\"><span style=\"color: #008000;\"><a href=\"http:\/\/www.brennessel-kiel.de\/wordpress\/regionales\/\" target=\"_blank\" rel=\"noopener\"><span style=\"color: #008000;\">n\u00e4heren Umgebung<\/span><\/a><\/span>. <\/span><\/h4>\n<\/li>\n<li style=\"text-align: center;\">\n<h4>Was wir nicht direkt vom Erzeuger bekommen k\u00f6nnen, liefern unsere Gro\u00dfh\u00e4ndler &#8211; hier bevorzugen wir Produkte aus fairem Handel und\/oder aus sozialen Projekten z.B. von unserer Eigenmarke <span style=\"color: #000000;\"><a href=\"https:\/\/www.bioladen.de\/bioladen-fair\/\" target=\"_blank\" rel=\"noopener\"><span style=\"color: #008000;\">*bioladen<\/span><\/a> oder <a href=\"https:\/\/www.rapunzel.de\/projekte.html\" target=\"_blank\" rel=\"noopener\"><span style=\"color: #008000;\">Rapunzel<\/span><\/a><\/span><\/h4>\n<\/li>\n<li style=\"text-align: center;\">\n<h4>Wir bevorzugen generell Verbandsware &#8211; also Demeter-, Bioland- oder Naturland-zertifizierte Erzeugnisse<\/h4>\n<\/li>\n<li style=\"text-align: center;\">\n<h4>Wenn umsetzbar, verkaufen wir gerne lose\/unverpackt, ansonsten achten wir auf umweltfreundliche Verpackungen<\/h4>\n<\/li>\n<\/ul>\n<p style=\"text-align: center;\">* Bei uns d\u00fcrft ihr gerne eure eigenen Dosen, Eierpappen, Beutel usw. zum Einkaufen mitbringen! *<\/p>\n<p>&nbsp;<\/p>\n<h2 style=\"text-align: center;\">Kiek mol in!<\/h2>\n<h2 style=\"text-align: center;\">Wir freuen uns auf Euch und beraten Euch gerne.<\/h2>\n<p>&nbsp;<\/p>\n<p><img loading=\"lazy\" decoding=\"async\" class=\"alignnone wp-image-426 size-full\" src=\"http:\/\/www.brennessel-kiel.de\/wordpress\/wp-content\/uploads\/2017\/07\/2017-10-09-14.20.21-e1508194177586.jpg\" alt=\"\" width=\"1000\" height=\"563\" \/><\/p>\n<h2 style=\"text-align: center;\"><span style=\"color: #008000;\">Euer Brennessel-Team<\/span><\/h2>\n<h4 style=\"text-align: center;\">\u00d6ffnungszeiten:<\/h4>\n<p style=\"text-align: center;\">Montag-Freitag 9.30-18 Uhr<\/p>\n<p style=\"text-align: center;\">Samstag 8.30-13 Uhr<\/p>\n<h4 style=\"text-align: center;\">Parkm\u00f6glichkeiten gibt es \u00fcbrigens direkt vor dem Laden.<\/h4>\n","protected":false},"excerpt":{"rendered":"<div class=\"slide-text-bg2\"><span>\u00a0M o i n &amp; Herzlich Willkommen in der Brennessel ! Unseren Bioladen Brennessel findet ihr n\u00f6rdlich des Kanals im Dorf Pries -ganz in Strandn\u00e4he! Wir<\/span><\/div>\n<div class=\"slide-btn-area-sm\"><a href=\"http:\/\/www.brennessel-kiel.de\/wordpress\/\" class=\"slide-btn-sm\">weiterlesen<\/a><\/div>\n","protected":false},"author":1,"featured_media":0,"parent":0,"menu_order":0,"comment_status":"closed","ping_status":"closed","template":"","meta":{"footnotes":""},"_links":{"self":[{"href":"http:\/\/www.brennessel-kiel.de\/wordpress\/wp-json\/wp\/v2\/pages\/20"}],"collection":[{"href":"http:\/\/www.brennessel-kiel.de\/wordpress\/wp-json\/wp\/v2\/pages"}],"about":[{"href":"http:\/\/www.brennessel-kiel.de\/wordpress\/wp-json\/wp\/v2\/types\/page"}],"author":[{"embeddable":true,"href":"http:\/\/www.brennessel-kiel.de\/wordpress\/wp-json\/wp\/v2\/users\/1"}],"replies":[{"embeddable":true,"href":"http:\/\/www.brennessel-kiel.de\/wordpress\/wp-json\/wp\/v2\/comments?post=20"}],"version-history":[{"count":40,"href":"http:\/\/www.brennessel-kiel.de\/wordpress\/wp-json\/wp\/v2\/pages\/20\/revisions"}],"predecessor-version":[{"id":1890,"href":"http:\/\/www.brennessel-kiel.de\/wordpress\/wp-json\/wp\/v2\/pages\/20\/revisions\/1890"}],"wp:attachment":[{"href":"http:\/\/www.brennessel-kiel.de\/wordpress\/wp-json\/wp\/v2\/media?parent=20"}],"curies":[{"name":"wp","href":"https:\/\/api.w.org\/{rel}","templated":true}]}}